{"id":7,"date":"2018-07-27T12:05:15","date_gmt":"2018-07-27T12:05:15","guid":{"rendered":"https:\/\/team.qis-ndt.nl\/?page_id=7"},"modified":"2018-10-12T12:04:50","modified_gmt":"2018-10-12T12:04:50","slug":"ndo-methodes","status":"publish","type":"page","link":"https:\/\/qis-ndt.nl\/nl\/ndo-methodes\/","title":{"rendered":"NDO Methodes"},"content":{"rendered":"<p>TEAM<sup>\u00ae<\/sup> voert verschillende NDO methodes (niet-destructief onderzoek) uit.<br \/>\nOnder niet-destructief worden onderzoek-technieken verstaan waarmee men een indruk kan krijgen van de kwaliteit van een te onderzoeken object zonder dit object te beschadigen ten behoeve van de volgende industrie\u00ebn: de (petro-) chemie, op on-shore- en offshore-industri\u00eble installaties, de maritieme sector, de civiele sector en de (semi) overheid en overige categorie\u00ebn van industrie welke onderzoek verlangen binnen de mogelijkheden van TEAM<sup>\u00ae<\/sup>.<\/p>\n<p>TEAM<sup>\u00ae<\/sup> heeft de noodzakelijke gereedschappen, meet- en inspectie apparaten en de kennis in huis voor het uitvoeren van o.a. de volgende methodes:<\/p>\n","protected":false},"excerpt":{"rendered":"<p>TEAM\u00ae voert verschillende NDO methodes (niet-destructief onderzoek) uit. Onder niet-destructief worden onderzoek-technieken verstaan waarmee men een indruk kan krijgen van de kwaliteit van een te onderzoeken object zonder dit object te beschadigen ten behoeve van de volgende industrie\u00ebn: de (petro-) chemie, op on-shore- en offshore-industri\u00eble installaties, de maritieme sector, de civiele sector en de (semi) [&hellip;]<\/p>\n","protected":false},"author":1,"featured_media":0,"parent":0,"menu_order":0,"comment_status":"closed","ping_status":"closed","template":"page-method.php","meta":{"_acf_changed":false,"_exactmetrics_skip_tracking":false,"_exactmetrics_sitenote_active":false,"_exactmetrics_sitenote_note":"","_exactmetrics_sitenote_category":0,"footnotes":""},"categories":[],"acf":[],"yoast_head":"<!-- This site is optimized with the Yoast SEO plugin v22.4 - https:\/\/yoast.com\/wordpress\/plugins\/seo\/ -->\n<title>NDO Methodes | TEAM - Quality Inspection Services<\/title>\n<meta name=\"description\" content=\"TEAM voert verschillende NDO methodes (niet-destructief onderzoek) uit. Wij hebben de noodzakelijke gereedschappen, meet- en inspectie apparaten en de kennis in huis!\" \/>\n<meta name=\"robots\" content=\"index, follow, max-snippet:-1, max-image-preview:large, max-video-preview:-1\" \/>\n<link rel=\"canonical\" href=\"https:\/\/qis-ndt.nl\/nl\/ndo-methodes\/\" \/>\n<meta property=\"og:locale\" content=\"nl_NL\" \/>\n<meta property=\"og:type\" content=\"article\" \/>\n<meta property=\"og:title\" content=\"NDO Methodes | TEAM - Quality Inspection Services\" \/>\n<meta property=\"og:description\" content=\"TEAM voert verschillende NDO methodes (niet-destructief onderzoek) uit. Wij hebben de noodzakelijke gereedschappen, meet- en inspectie apparaten en de kennis in huis!\" \/>\n<meta property=\"og:url\" content=\"https:\/\/qis-ndt.nl\/nl\/ndo-methodes\/\" \/>\n<meta property=\"og:site_name\" content=\"TEAM - Quality Inspection Services\" \/>\n<meta property=\"article:modified_time\" content=\"2018-10-12T12:04:50+00:00\" \/>\n<meta name=\"twitter:card\" content=\"summary_large_image\" \/>\n<script type=\"application\/ld+json\" class=\"yoast-schema-graph\">{\"@context\":\"https:\/\/schema.org\",\"@graph\":[{\"@type\":\"WebPage\",\"@id\":\"https:\/\/qis-ndt.nl\/nl\/ndo-methodes\/\",\"url\":\"https:\/\/qis-ndt.nl\/nl\/ndo-methodes\/\",\"name\":\"NDO Methodes | TEAM - Quality Inspection Services\",\"isPartOf\":{\"@id\":\"https:\/\/qis-ndt.nl\/nl\/#website\"},\"datePublished\":\"2018-07-27T12:05:15+00:00\",\"dateModified\":\"2018-10-12T12:04:50+00:00\",\"description\":\"TEAM voert verschillende NDO methodes (niet-destructief onderzoek) uit. Wij hebben de noodzakelijke gereedschappen, meet- en inspectie apparaten en de kennis in huis!\",\"breadcrumb\":{\"@id\":\"https:\/\/qis-ndt.nl\/nl\/ndo-methodes\/#breadcrumb\"},\"inLanguage\":\"nl-NL\",\"potentialAction\":[{\"@type\":\"ReadAction\",\"target\":[\"https:\/\/qis-ndt.nl\/nl\/ndo-methodes\/\"]}]},{\"@type\":\"BreadcrumbList\",\"@id\":\"https:\/\/qis-ndt.nl\/nl\/ndo-methodes\/#breadcrumb\",\"itemListElement\":[{\"@type\":\"ListItem\",\"position\":1,\"name\":\"\",\"item\":\"https:\/\/qis-ndt.nl\/nl\/\"},{\"@type\":\"ListItem\",\"position\":2,\"name\":\"NDO Methodes\"}]},{\"@type\":\"WebSite\",\"@id\":\"https:\/\/qis-ndt.nl\/nl\/#website\",\"url\":\"https:\/\/qis-ndt.nl\/nl\/\",\"name\":\"TEAM - Quality Inspection Services\",\"description\":\"\",\"potentialAction\":[{\"@type\":\"SearchAction\",\"target\":{\"@type\":\"EntryPoint\",\"urlTemplate\":\"https:\/\/qis-ndt.nl\/nl\/?s={search_term_string}\"},\"query-input\":\"required name=search_term_string\"}],\"inLanguage\":\"nl-NL\"}]}<\/script>\n<!-- \/ Yoast SEO plugin. -->","yoast_head_json":{"title":"NDO Methodes | TEAM - Quality Inspection Services","description":"TEAM voert verschillende NDO methodes (niet-destructief onderzoek) uit. Wij hebben de noodzakelijke gereedschappen, meet- en inspectie apparaten en de kennis in huis!","robots":{"index":"index","follow":"follow","max-snippet":"max-snippet:-1","max-image-preview":"max-image-preview:large","max-video-preview":"max-video-preview:-1"},"canonical":"https:\/\/qis-ndt.nl\/nl\/ndo-methodes\/","og_locale":"nl_NL","og_type":"article","og_title":"NDO Methodes | TEAM - Quality Inspection Services","og_description":"TEAM voert verschillende NDO methodes (niet-destructief onderzoek) uit. Wij hebben de noodzakelijke gereedschappen, meet- en inspectie apparaten en de kennis in huis!","og_url":"https:\/\/qis-ndt.nl\/nl\/ndo-methodes\/","og_site_name":"TEAM - Quality Inspection Services","article_modified_time":"2018-10-12T12:04:50+00:00","twitter_card":"summary_large_image","schema":{"@context":"https:\/\/schema.org","@graph":[{"@type":"WebPage","@id":"https:\/\/qis-ndt.nl\/nl\/ndo-methodes\/","url":"https:\/\/qis-ndt.nl\/nl\/ndo-methodes\/","name":"NDO Methodes | TEAM - Quality Inspection Services","isPartOf":{"@id":"https:\/\/qis-ndt.nl\/nl\/#website"},"datePublished":"2018-07-27T12:05:15+00:00","dateModified":"2018-10-12T12:04:50+00:00","description":"TEAM voert verschillende NDO methodes (niet-destructief onderzoek) uit. Wij hebben de noodzakelijke gereedschappen, meet- en inspectie apparaten en de kennis in huis!","breadcrumb":{"@id":"https:\/\/qis-ndt.nl\/nl\/ndo-methodes\/#breadcrumb"},"inLanguage":"nl-NL","potentialAction":[{"@type":"ReadAction","target":["https:\/\/qis-ndt.nl\/nl\/ndo-methodes\/"]}]},{"@type":"BreadcrumbList","@id":"https:\/\/qis-ndt.nl\/nl\/ndo-methodes\/#breadcrumb","itemListElement":[{"@type":"ListItem","position":1,"name":"","item":"https:\/\/qis-ndt.nl\/nl\/"},{"@type":"ListItem","position":2,"name":"NDO Methodes"}]},{"@type":"WebSite","@id":"https:\/\/qis-ndt.nl\/nl\/#website","url":"https:\/\/qis-ndt.nl\/nl\/","name":"TEAM - Quality Inspection Services","description":"","potentialAction":[{"@type":"SearchAction","target":{"@type":"EntryPoint","urlTemplate":"https:\/\/qis-ndt.nl\/nl\/?s={search_term_string}"},"query-input":"required name=search_term_string"}],"inLanguage":"nl-NL"}]}},"_links":{"self":[{"href":"https:\/\/qis-ndt.nl\/nl\/wp-json\/wp\/v2\/pages\/7"}],"collection":[{"href":"https:\/\/qis-ndt.nl\/nl\/wp-json\/wp\/v2\/pages"}],"about":[{"href":"https:\/\/qis-ndt.nl\/nl\/wp-json\/wp\/v2\/types\/page"}],"author":[{"embeddable":true,"href":"https:\/\/qis-ndt.nl\/nl\/wp-json\/wp\/v2\/users\/1"}],"replies":[{"embeddable":true,"href":"https:\/\/qis-ndt.nl\/nl\/wp-json\/wp\/v2\/comments?post=7"}],"version-history":[{"count":8,"href":"https:\/\/qis-ndt.nl\/nl\/wp-json\/wp\/v2\/pages\/7\/revisions"}],"predecessor-version":[{"id":296,"href":"https:\/\/qis-ndt.nl\/nl\/wp-json\/wp\/v2\/pages\/7\/revisions\/296"}],"wp:attachment":[{"href":"https:\/\/qis-ndt.nl\/nl\/wp-json\/wp\/v2\/media?parent=7"}],"wp:term":[{"taxonomy":"category","embeddable":true,"href":"https:\/\/qis-ndt.nl\/nl\/wp-json\/wp\/v2\/categories?post=7"}],"curies":[{"name":"wp","href":"https:\/\/api.w.org\/{rel}","templated":true}]}}